{"id":11,"date":"2026-04-09T04:47:26","date_gmt":"2026-04-09T04:47:26","guid":{"rendered":"https:\/\/chinhung.vietweb247.com\/?page_id=11"},"modified":"2026-04-13T10:12:18","modified_gmt":"2026-04-13T10:12:18","slug":"thu-ngo","status":"publish","type":"page","link":"https:\/\/chinhung.vietweb247.com\/index.php\/thu-ngo\/","title":{"rendered":"Th\u01b0 ng\u1ecf"},"content":{"rendered":"<p style=\"text-align: right;\"><strong>\u0110\u1ed9i 2, Th\u00f4n Th\u00f4ng \u0110\u1ea1t, X\u00e3 Ki\u1ec1u Ph\u00fa, TP H\u00e0 N\u1ed9i<\/strong><br \/>\n\u0110i\u1ec7n tho\u1ea1i: 0988 455 483 | Email: ketoanclearlight@gmail.com<br \/>\nMST: 0111058848<\/p>\n<hr>\n<h2 style=\"text-align: center;\">TH\u01af NG\u1ece<\/h2>\n<p style=\"text-align: center;\"><em>K\u00ednh g\u1eedi Qu\u00fd Kh\u00e1ch h\u00e0ng v\u00e0 Qu\u00fd \u0110\u1ed1i t\u00e1c<\/em><\/p>\n<p>K\u00ednh th\u01b0a Qu\u00fd v\u1ecb,<\/p>\n<p>\u0110\u01b0\u1ee3c th\u00e0nh l\u1eadp v\u00e0o n\u0103m 2015, <strong>C\u00f4ng ty TNHH Clear Light<\/strong> t\u1ef1 h\u00e0o l\u00e0 m\u1ed9t trong nh\u1eefng \u0111\u01a1n v\u1ecb chuy\u00ean nghi\u1ec7p h\u00e0ng \u0111\u1ea7u trong l\u0129nh v\u1ef1c <strong>s\u1ea3n xu\u1ea5t, gia c\u00f4ng v\u00e0 l\u1eafp \u0111\u1eb7t h\u1ec7 th\u1ed1ng \u1ed1ng gi\u00f3<\/strong> t\u1ea1i Vi\u1ec7t Nam. V\u1edbi h\u01a1n m\u1ed9t th\u1eadp k\u1ef7 h\u00ecnh th\u00e0nh v\u00e0 ph\u00e1t tri\u1ec3n, ch\u00fang t\u00f4i \u0111\u00e3 v\u00e0 \u0111ang \u0111\u1ed3ng h\u00e0nh c\u00f9ng h\u00e0ng tr\u0103m c\u00f4ng tr\u00ecnh l\u1edbn nh\u1ecf tr\u00ean kh\u1eafp c\u1ea3 n\u01b0\u1edbc \u2014 t\u1eeb nh\u00e0 x\u01b0\u1edfng c\u00f4ng nghi\u1ec7p, t\u00f2a nh\u00e0 v\u0103n ph\u00f2ng, trung t\u00e2m th\u01b0\u01a1ng m\u1ea1i cho \u0111\u1ebfn c\u00e1c c\u00f4ng tr\u00ecnh h\u1ea1 t\u1ea7ng tr\u1ecdng \u0111i\u1ec3m qu\u1ed1c gia.<\/p>\n<p>Nh\u1eadn th\u1ee9c r\u00f5 t\u1ea7m quan tr\u1ecdng c\u1ee7a h\u1ec7 th\u1ed1ng th\u00f4ng gi\u00f3 v\u00e0 ph\u00f2ng ch\u00e1y ch\u1eefa ch\u00e1y trong m\u1ed7i c\u00f4ng tr\u00ecnh, Clear Light kh\u00f4ng \u0111\u01a1n thu\u1ea7n l\u00e0 m\u1ed9t nh\u00e0 cung c\u1ea5p s\u1ea3n ph\u1ea9m \u2014 ch\u00fang t\u00f4i l\u00e0 <strong>\u0111\u1ed1i t\u00e1c \u0111\u1ed3ng h\u00e0nh to\u00e0n di\u1ec7n<\/strong>, t\u01b0 v\u1ea5n t\u1eeb giai \u0111o\u1ea1n thi\u1ebft k\u1ebf cho \u0111\u1ebfn khi h\u1ec7 th\u1ed1ng v\u1eadn h\u00e0nh \u1ed5n \u0111\u1ecbnh v\u00e0 b\u1ec1n v\u1eefng l\u00e2u d\u00e0i.<\/p>\n<hr>\n<h3>\ud83c\udfc6 N\u0103ng l\u1ef1c n\u1ed5i b\u1eadt<\/h3>\n<table style=\"width:100%; border-collapse: collapse; text-align: center;\">\n<tr>\n<td style=\"padding: 16px; border: 1px solid #ddd;\"><strong style=\"font-size: 22px;\">10+<\/strong><br \/>N\u0103m kinh nghi\u1ec7m<\/td>\n<td style=\"padding: 16px; border: 1px solid #ddd;\"><strong style=\"font-size: 22px;\">200<\/strong><br \/>K\u1ef9 s\u01b0 &amp; c\u00f4ng nh\u00e2n l\u00e0nh ngh\u1ec1<\/td>\n<td style=\"padding: 16px; border: 1px solid #ddd;\"><strong style=\"font-size: 22px;\">To\u00e0n qu\u1ed1c<\/strong><br \/>Ph\u1ea1m vi thi c\u00f4ng<\/td>\n<td style=\"padding: 16px; border: 1px solid #ddd;\"><strong style=\"font-size: 22px;\">T2 N\u1ed9i B\u00e0i<\/strong><br \/>C\u00f4ng tr\u00ecnh ti\u00eau bi\u1ec3u<\/td>\n<\/tr>\n<\/table>\n<hr>\n<h3>\ud83d\udd27 L\u0129nh v\u1ef1c chuy\u00ean m\u00f4n<\/h3>\n<ul>\n<li><strong>S\u1ea3n xu\u1ea5t &amp; gia c\u00f4ng \u1ed1ng gi\u00f3<\/strong> \u2014 \u0111a d\u1ea1ng ch\u1ee7ng lo\u1ea1i: \u1ed1ng gi\u00f3 t\u00f4n k\u1ebdm, \u1ed1ng gi\u00f3 ch\u1ed1ng ch\u00e1y, gia c\u00f4ng theo b\u1ea3n v\u1ebd thi\u1ebft k\u1ebf k\u1ef9 thu\u1eadt.<\/li>\n<li><strong>C\u1eeda ch\u1ed1ng ch\u00e1y<\/strong> \u2014 \u0111\u00e1p \u1ee9ng ti\u00eau chu\u1ea9n PCCC nghi\u00eam ng\u1eb7t, ph\u00f9 h\u1ee3p v\u1edbi c\u00e1c c\u00f4ng tr\u00ecnh y\u00eau c\u1ea7u an to\u00e0n cao.<\/li>\n<li><strong>L\u1eafp \u0111\u1eb7t h\u1ec7 th\u1ed1ng th\u00f4ng gi\u00f3 &amp; \u0111i\u1ec1u h\u00f2a kh\u00f4ng kh\u00ed (HVAC)<\/strong> \u2014 cho nh\u00e0 x\u01b0\u1edfng, v\u0103n ph\u00f2ng, b\u1ec7nh vi\u1ec7n, trung t\u00e2m th\u01b0\u01a1ng m\u1ea1i v\u00e0 h\u1ea1 t\u1ea7ng giao th\u00f4ng.<\/li>\n<li><strong>Thi c\u00f4ng tr\u1ecdn g\u00f3i<\/strong> \u2014 t\u1eeb t\u01b0 v\u1ea5n, thi\u1ebft k\u1ebf, gia c\u00f4ng \u0111\u1ebfn l\u1eafp \u0111\u1eb7t v\u00e0 b\u1ea3o tr\u00ec sau c\u00f4ng tr\u00ecnh.<\/li>\n<\/ul>\n<hr>\n<h3>\ud83c\udfd7\ufe0f D\u1ea5u \u1ea5n c\u00f4ng tr\u00ecnh ti\u00eau bi\u1ec3u<\/h3>\n<p>D\u1ea5u \u1ea5n ti\u00eau bi\u1ec3u nh\u1ea5t trong h\u00e0nh tr\u00ecnh c\u1ee7a Clear Light l\u00e0 s\u1ef1 tham gia v\u00e0o d\u1ef1 \u00e1n <strong>Nh\u00e0 ga T2 \u2014 S\u00e2n bay Qu\u1ed1c t\u1ebf N\u1ed9i B\u00e0i<\/strong> \u2014 m\u1ed9t c\u00f4ng tr\u00ecnh t\u1ea7m c\u1ee1 qu\u1ed1c gia, \u0111\u00f2i h\u1ecfi k\u1ef9 thu\u1eadt cao v\u00e0 ti\u00eau chu\u1ea9n an to\u00e0n kh\u1eaft khe. \u0110\u00e2y kh\u00f4ng ch\u1ec9 l\u00e0 minh ch\u1ee9ng cho n\u0103ng l\u1ef1c thi c\u00f4ng c\u1ee7a ch\u00fang t\u00f4i, m\u00e0 c\u00f2n l\u00e0 cam k\u1ebft v\u1ec1 ch\u1ea5t l\u01b0\u1ee3ng v\u00e0 uy t\u00edn m\u00e0 Clear Light mang \u0111\u1ebfn cho m\u1ecdi \u0111\u1ed1i t\u00e1c.<\/p>\n<hr>\n<p>V\u1edbi ph\u01b0\u01a1ng ch\u00e2m <em>&#8220;Th\u1ed5i lu\u1ed3ng gi\u00f3 m\u1edbi v\u00e0o m\u1ecdi c\u00f4ng tr\u00ecnh&#8221;<\/em>, ch\u00fang t\u00f4i kh\u00f4ng ng\u1eebng \u0111\u1ea7u t\u01b0 v\u00e0o c\u00f4ng ngh\u1ec7, n\u00e2ng cao tay ngh\u1ec1 \u0111\u1ed9i ng\u0169 v\u00e0 c\u1ea3i ti\u1ebfn quy tr\u00ecnh \u2014 nh\u1eb1m mang \u0111\u1ebfn nh\u1eefng gi\u1ea3i ph\u00e1p th\u00f4ng gi\u00f3 hi\u1ec7u qu\u1ea3 nh\u1ea5t, an to\u00e0n nh\u1ea5t v\u00e0 b\u1ec1n v\u1eefng nh\u1ea5t cho Qu\u00fd kh\u00e1ch h\u00e0ng.<\/p>\n<p>Ch\u00fang t\u00f4i tr\u00e2n tr\u1ecdng m\u1ecdi c\u01a1 h\u1ed9i \u0111\u01b0\u1ee3c h\u1ee3p t\u00e1c v\u00e0 \u0111\u1ed3ng h\u00e0nh c\u00f9ng Qu\u00fd v\u1ecb trong t\u1eebng d\u1ef1 \u00e1n. M\u1ecdi y\u00eau c\u1ea7u t\u01b0 v\u1ea5n, b\u00e1o gi\u00e1 ho\u1eb7c h\u1ee3p t\u00e1c, xin vui l\u00f2ng li\u00ean h\u1ec7 tr\u1ef1c ti\u1ebfp v\u1edbi ch\u00fang t\u00f4i.<\/p>\n<p>Tr\u00e2n tr\u1ecdng c\u1ea3m \u01a1n s\u1ef1 tin t\u01b0\u1edfng c\u1ee7a Qu\u00fd kh\u00e1ch h\u00e0ng v\u00e0 \u0111\u1ed1i t\u00e1c \u0111\u00e3 lu\u00f4n \u0111\u1ed3ng h\u00e0nh c\u00f9ng Clear Light!<\/p>\n<hr>\n<p><em>H\u00e0 N\u1ed9i, n\u0103m 2025<\/em><br \/>\n<strong>Thay m\u1eb7t Ban L\u00e3nh \u0111\u1ea1o C\u00f4ng ty TNHH Clear Light<\/strong><\/p>\n<p><strong>L\u01afU T\u00d4N CHINH<\/strong><br \/>\n<em>Gi\u00e1m \u0111\u1ed1c<\/em><\/p>\n","protected":false},"excerpt":{"rendered":"<p>\u0110\u1ed9i 2, Th\u00f4n Th\u00f4ng \u0110\u1ea1t, X\u00e3 Ki\u1ec1u Ph\u00fa, TP H\u00e0 N\u1ed9i \u0110i\u1ec7n tho\u1ea1i: 0988 455 483 | Email: ketoanclearlight@gmail.com MST: 0111058848 TH\u01af NG\u1ece K\u00ednh g\u1eedi Qu\u00fd Kh\u00e1ch h\u00e0ng v\u00e0 Qu\u00fd \u0110\u1ed1i t\u00e1c K\u00ednh th\u01b0a Qu\u00fd v\u1ecb, \u0110\u01b0\u1ee3c th\u00e0nh l\u1eadp v\u00e0o n\u0103m 2015, C\u00f4ng ty TNHH Clear Light t\u1ef1 h\u00e0o l\u00e0 m\u1ed9t trong nh\u1eefng \u0111\u01a1n v\u1ecb [&#8230;]\n","protected":false},"author":1,"featured_media":0,"parent":0,"menu_order":0,"comment_status":"closed","ping_status":"closed","template":"","meta":{"footnotes":""},"class_list":["post-11","page","type-page","status-publish","hentry"],"_links":{"self":[{"href":"https:\/\/chinhung.vietweb247.com\/index.php\/wp-json\/wp\/v2\/pages\/11","targetHints":{"allow":["GET"]}}],"collection":[{"href":"https:\/\/chinhung.vietweb247.com\/index.php\/wp-json\/wp\/v2\/pages"}],"about":[{"href":"https:\/\/chinhung.vietweb247.com\/index.php\/wp-json\/wp\/v2\/types\/page"}],"author":[{"embeddable":true,"href":"https:\/\/chinhung.vietweb247.com\/index.php\/wp-json\/wp\/v2\/users\/1"}],"replies":[{"embeddable":true,"href":"https:\/\/chinhung.vietweb247.com\/index.php\/wp-json\/wp\/v2\/comments?post=11"}],"version-history":[{"count":5,"href":"https:\/\/chinhung.vietweb247.com\/index.php\/wp-json\/wp\/v2\/pages\/11\/revisions"}],"predecessor-version":[{"id":163,"href":"https:\/\/chinhung.vietweb247.com\/index.php\/wp-json\/wp\/v2\/pages\/11\/revisions\/163"}],"wp:attachment":[{"href":"https:\/\/chinhung.vietweb247.com\/index.php\/wp-json\/wp\/v2\/media?parent=11"}],"curies":[{"name":"wp","href":"https:\/\/api.w.org\/{rel}","templated":true}]}}