{"id":15,"date":"2026-04-09T04:47:42","date_gmt":"2026-04-09T04:47:42","guid":{"rendered":"https:\/\/chinhung.vietweb247.com\/?page_id=15"},"modified":"2026-04-09T07:58:02","modified_gmt":"2026-04-09T07:58:02","slug":"thi-cong-lap-dat","status":"publish","type":"page","link":"https:\/\/chinhung.vietweb247.com\/index.php\/thi-cong-lap-dat\/","title":{"rendered":"Thi c\u00f4ng &#038; l\u1eafp \u0111\u1eb7t"},"content":{"rendered":"<div id=\"content\" class=\"site-content\">\n<div id=\"primary\" class=\"content-area\">\n<p>&nbsp;<\/p>\n<div class=\"container\">\n<div class=\"row\">\n<div class=\"col-md-12 col-sm-12\">\n<article id=\"post-4500\" class=\"post-4500 page type-page status-publish hentry\">\n<div class=\"sf-content\">\n<h2><strong>T\u1ed5ng Quan V\u1ec1\u00a0 D\u1ecbch V\u1ee5 T\u01b0 V\u1ea5n Thi\u1ebft K\u1ebf\u00a0<\/strong><\/h2>\n<p>\u0110\u1ec3 x\u00e2y d\u1ef1ng v\u00e0 duy tr\u00ec c\u00e1c d\u1ef1 \u00e1n m\u00f4i tr\u01b0\u1eddng hi\u1ec7u qu\u1ea3 v\u00e0 t\u1ed1i \u01b0u nh\u1ea5t th\u00ec vi\u1ec7c t\u01b0 v\u1ea5n v\u00e0 thi\u1ebft k\u1ebf m\u00f4i tr\u01b0\u1eddng l\u00e0 kh\u00f4ng th\u1ec3 thi\u1ebfu.<\/p>\n<p>Qu\u00e1 tr\u00ecnh t\u01b0 v\u1ea5n v\u00e0 thi\u1ebft k\u1ebf d\u1ef1 \u00e1n m\u00f4i tr\u01b0\u1eddng y\u00eau c\u1ea7u khi\u1ebfn th\u1ee9c chuy\u00ean m\u00f4n v\u00e0 hi\u1ec3u bi\u1ebft s\u00e2u s\u1eafc v\u1ec1 c\u00f4ng ngh\u1ec7, k\u1ef9 thu\u1eadt v\u00e0 c\u00e1c quy \u0111\u1ecbnh li\u00ean quan.<\/p>\n<p>\u0110\u1ee9c An Tech mang \u0111\u1ebfn nh\u1eefng gi\u1ea3i ph\u00e1p, k\u1ebf ho\u1ea1ch v\u00e0 \u0111\u1ed3ng h\u00e0nh v\u1edbi ch\u1ee7 \u0111\u1ea7u t\u01b0 \u0111\u1ec3 ho\u00e0n th\u00e0nh d\u1ef1 \u00e1n t\u1ed1i \u01b0u nh\u1ea5t.<\/p>\n<h2><strong>C\u00e1c D\u1ecbch V\u1ee5 T\u01b0 V\u1ea5n Thi\u1ebft K\u1ebf T\u1ea1i \u0110\u1ee9c An Tech<\/strong><\/h2>\n<p>C\u00e1c d\u1ecbch v\u1ee5 t\u01b0 v\u1ea5n thi\u1ebft k\u1ebf t\u1ea1i \u0110\u1ee9c An Tech bao g\u1ed3m:<\/p>\n<p>*\u00a0 B\u00e1o c\u00e1o Gi\u00e1m s\u00e1t m\u00f4i tr\u01b0\u1eddng \u0111\u1ecbnh k\u1ef3<\/p>\n<p>*\u00a0 Thi\u1ebft k\u1ebf, th\u1ea9m k\u1ebf v\u00e0 gi\u00e1m s\u00e1t thi c\u00f4ng<\/p>\n<p>*\u00a0 L\u1eadp b\u00e1o c\u00e1o \u0110\u00e1nh gi\u00e1 t\u00e1c \u0111\u1ed9ng m\u00f4i tr\u01b0\u1eddng<\/p>\n<p>*\u00a0 L\u1eadp b\u00e1o c\u00e1o \u0111\u1ea7u t\u01b0<\/p>\n<h2>C\u00e1c D\u1ef1 \u00c1n Ti\u00eau Bi\u1ec3u<\/h2>\n<p>Ch\u00fang t\u00f4i cung c\u1ea5p d\u1ecbch v\u1ee5 t\u01b0 v\u1ea5n thi\u1ebft k\u1ebf, thi c\u00f4ng, l\u1eafp \u0111\u1eb7t h\u1ec7 th\u1ed1ng x\u1eed l\u00fd n\u01b0\u1edbc th\u1ea3i v\u00e0 chuy\u1ec3n giao c\u00e1c h\u1ec7 th\u1ed1ng x\u1eed l\u00fd n\u01b0\u1edbc th\u1ea3i, kh\u00ed th\u1ea3i.<\/p>\n<p><strong>Chuy\u00ean nghi\u1ec7p, hi\u1ec7u qu\u1ea3, chi ph\u00ed ti\u1ebft ki\u1ec7m cho doanh nghi\u1ec7p.<\/strong><\/p>\n<p><strong>*\u00a0 \u00a0X\u1eed l\u00fd n\u01b0\u1edbc th\u1ea3i sinh ho\u1ea1t:\u00a0<\/strong>N\u01b0\u1edbc th\u1ea3i \u0111\u00f4 th\u1ecb, nh\u00e0 h\u00e0ng kh\u00e1ch s\u1ea1n, khu chung c\u01b0, si\u00eau th\u1ecb, khu vui ch\u01a1i gi\u1ea3i tr\u00ed\u2026<\/p>\n<p><strong>*\u00a0 \u00a0 N\u01b0\u1edbc th\u1ea3i b\u1ec7nh vi\u1ec7n:\u00a0<\/strong>N\u01b0\u1edbc th\u1ea3i b\u1ec7nh vi\u1ec7n, ph\u00f2ng kh\u00e1m \u0111a khoa, khu y t\u1ebf d\u1ef1 ph\u00f2ng\u2026<\/p>\n<p><strong>*\u00a0 \u00a0 \u00a0N\u01b0\u1edbc th\u1ea3i c\u00f4ng nghi\u1ec7p:\u00a0<\/strong>S\u1ea3n xu\u1ea5t gi\u1ea5y, d\u1ec7t nhu\u1ed9m, thu\u1ed9c da, nu\u00f4i tr\u1ed3ng th\u1ee7y s\u1ea3n, ch\u1ebf bi\u1ebfn th\u1ef1c ph\u1ea9m, n\u01b0\u1edbc th\u1ea3i ph\u00e1t sinh t\u1eeb ch\u1ebf bi\u1ebfn tinh b\u1ed9t m\u00ec\u2026<\/p>\n<p><strong>*\u00a0 \u00a0 \u00a0X\u1eed l\u00fd kh\u00ed th\u1ea3i:\u00a0<\/strong>Kh\u00ed th\u1ea3i l\u00f2 h\u01a1i, h\u01a1i dung m\u00f4i, h\u01a1i kim lo\u1ea1i, x\u1eed l\u00fd b\u1ee5i\u2026<\/p>\n<h2>C\u00e1c B\u01b0\u1edbc Ti\u1ebfn H\u00e0nh<\/h2>\n<p><strong>1. \u0110\u00e1nh gi\u00e1 y\u00eau c\u1ea7u<\/strong><\/p>\n<p>\u0110\u1ea7u ti\u00ean, ch\u00fang t\u00f4i s\u1ebd x\u00e1c \u0111\u1ecbnh c\u00e1c y\u1ebfu t\u1ed1 quan tr\u1ecdng nh\u01b0 v\u1ecb tr\u00ed, quy m\u00f4, c\u00f4ng ngh\u1ec7 v\u00e0 ngu\u1ed3n l\u1ef1c c\u00f3 s\u1eb5n. Sau \u0111\u00f3, ch\u00fang t\u00f4i s\u1ebd \u0111\u00e1nh gi\u00e1 v\u00e0 \u0111\u1ec1 xu\u1ea5t c\u00e1c gi\u1ea3i ph\u00e1p ban \u0111\u1ea7u cho d\u1ef1 \u00e1n.<\/p>\n<p><strong>2. Thu th\u1eadp d\u1eef li\u1ec7u<\/strong><\/p>\n<p>Thu th\u1eadp th\u00eam th\u00f4ng tin v\u00e0 d\u1eef li\u1ec7u t\u1eeb c\u00e1c ngu\u1ed3n \u0111\u00e1ng tin c\u1eady v\u1ec1 m\u00f4i tr\u01b0\u1eddng hi\u1ec7n t\u1ea1i c\u1ee7a khu v\u1ef1c d\u1ef1 \u00e1n.<\/p>\n<p>Bao g\u1ed3m c\u00e1c y\u1ebfu t\u1ed1 nh\u01b0: kh\u00ed h\u1eadu, t\u00ecnh tr\u1ea1ng m\u00f4i tr\u01b0\u1eddng c\u1ee7a d\u1ef1 \u00e1n hi\u1ec7n t\u1ea1i. Sau \u0111\u00f3, s\u1eed d\u1ee5ng ph\u01b0\u01a1ng ph\u00e1p khoa h\u1ecdc \u0111\u1ec3 ph\u00e2n t\u00edch v\u00e0 \u0111\u00e1nh gi\u00e1.<\/p>\n<p><strong>3. Thi\u1ebft k\u1ebf gi\u1ea3i ph\u00e1p<\/strong><\/p>\n<p>D\u1ef1a tr\u00ean th\u00f4ng tin \u0111\u00e3 ph\u00e2n t\u00edch v\u00e0 \u0111\u00e1nh gi\u00e1 \u0111\u01b0\u1ee3c, ch\u00fang t\u00f4i s\u1ebd thi\u1ebft k\u1ebf c\u00e1c gi\u1ea3i ph\u00e1p m\u00f4i tr\u01b0\u1eddng ph\u00f9 h\u1ee3p cho d\u1ef1 \u00e1n.<\/p>\n<p>\u2013 Thi\u1ebft k\u1ebf c\u01a1 s\u1edf<\/p>\n<p>\u2013 Thi\u1ebft k\u1ebf c\u00e1c th\u00e0nh ph\u1ea7n k\u1ef9 thu\u1eadt<\/p>\n<p>\u2013 L\u1eadp d\u1ef1 \u00e1n thi\u1ebft k\u1ebf \u0111\u1ea7u t\u01b0<\/p>\n<p>Trong qu\u00e1 tr\u00ecnh n\u00e0y, c\u1ea7n c\u00f3 ki\u1ebfn th\u1ee9c v\u00e0 k\u1ef9 n\u0103ng chuy\u00ean m\u00f4n \u0111\u1ee7 s\u00e2u \u0111\u1ec3 c\u00f3 th\u1ec3 \u0111\u01b0a ra nh\u1eefng t\u01b0 v\u1ea5n v\u00e0 \u0111\u1ec1 xu\u1ea5t c\u00e1c bi\u1ec7n ph\u00e1p ph\u00f9 h\u1ee3p.<\/p>\n<p>Nh\u1eb1m gi\u1ea3m thi\u1ec3u t\u00e1c \u0111\u1ed9ng ti\u00eau c\u1ef1c l\u00ean m\u00f4i tr\u01b0\u1eddng, b\u1ea3o v\u1ec7 t\u00e0i nguy\u00ean thi\u00ean nhi\u00ean, v\u00e0 t\u1ea1o ra hi\u1ec7u \u1ee9ng t\u00edch c\u1ef1c cho con ng\u01b0\u1eddi v\u00e0 thi\u00ean nhi\u00ean.<\/p>\n<p><strong>4. \u0110\u00e1nh gi\u00e1 t\u00e1c \u0111\u1ed9ng m\u00f4i tr\u01b0\u1eddng<\/strong><\/p>\n<p>Ti\u1ebfn h\u00e0nh \u0111\u00e1nh gi\u00e1 t\u00e1c \u0111\u1ed9ng m\u00f4i tr\u01b0\u1eddng c\u1ee7a c\u00e1c gi\u1ea3i ph\u00e1p \u0111\u01b0\u1ee3c \u0111\u1ec1 xu\u1ea5t. \u0110i\u1ec1u n\u00e0y bao g\u1ed3m \u0111\u00e1nh gi\u00e1 c\u00e1c kh\u00eda c\u1ea1nh nh\u01b0 kh\u00ed th\u1ea3i, n\u01b0\u1edbc th\u1ea3i, vi\u1ec7c s\u1eed d\u1ee5ng t\u00e0i nguy\u00ean t\u1ef1 nhi\u00ean, v\u00e0 t\u00e1c \u0111\u1ed9ng \u0111\u1ebfn sinh th\u00e1i h\u1ecdc v\u00e0 c\u1ed9ng \u0111\u1ed3ng.<\/p>\n<p><strong>5. L\u1eadp k\u1ebf ho\u1ea1ch qu\u1ea3n l\u00fd m\u00f4i tr\u01b0\u1eddng<\/strong><\/p>\n<p>X\u00e2y d\u1ef1ng k\u1ebf ho\u1ea1ch qu\u1ea3n l\u00fd m\u00f4i tr\u01b0\u1eddng \u0111\u1ec3 \u0111\u1ea3m b\u1ea3o r\u1eb1ng d\u1ef1 \u00e1n \u0111\u01b0\u1ee3c tri\u1ec3n khai v\u00e0 v\u1eadn h\u00e0nh theo c\u00e1c ti\u00eau chu\u1ea9n m\u00f4i tr\u01b0\u1eddng.<\/p>\n<p>K\u1ebf ho\u1ea1ch n\u00e0y bao g\u1ed3m c\u00e1c bi\u1ec7n ph\u00e1p ki\u1ec3m so\u00e1t \u00f4 nhi\u1ec5m, gi\u00e1m s\u00e1t m\u00f4i tr\u01b0\u1eddng, x\u1eed l\u00fd ch\u1ea5t th\u1ea3i, v\u00e0 tu\u00e2n th\u1ee7 quy \u0111\u1ecbnh ph\u00e1p lu\u1eadt.<\/p>\n<p><strong>6. Th\u1ef1c hi\u1ec7n v\u00e0 gi\u00e1m s\u00e1t<\/strong><\/p>\n<p>Th\u1ef1c hi\u1ec7n c\u00e1c bi\u1ec7n ph\u00e1p m\u00f4i tr\u01b0\u1eddng \u0111\u01b0\u1ee3c thi\u1ebft k\u1ebf v\u00e0 gi\u00e1m s\u00e1t qu\u00e1 tr\u00ecnh tri\u1ec3n khai d\u1ef1 \u00e1n. \u0110\u1ea3m b\u1ea3o r\u1eb1ng c\u00e1c bi\u1ec7n ph\u00e1p m\u00f4i tr\u01b0\u1eddng \u0111\u01b0\u1ee3c tu\u00e2n th\u1ee7 v\u00e0 ti\u1ebfn h\u00e0nh ki\u1ec3m tra, \u0111\u00e1nh gi\u00e1 hi\u1ec7u qu\u1ea3 c\u1ee7a ch\u00fang.<\/p>\n<p><strong>7. \u0110\u00e1nh gi\u00e1 l\u1ea1i v\u00e0 c\u1ea3i thi\u1ec7n<\/strong><\/p>\n<p>Li\u00ean t\u1ee5c \u0111\u00e1nh gi\u00e1 hi\u1ec7u qu\u1ea3 c\u1ee7a c\u00e1c bi\u1ec7n ph\u00e1p m\u00f4i tr\u01b0\u1eddng \u0111\u00e3 tri\u1ec3n khai v\u00e0 t\u00ecm hi\u1ec3u c\u00e1ch c\u1ea3i thi\u1ec7n n\u1ebfu c\u00f3. \u0110i\u1ec1u n\u00e0y \u0111\u1ea3m b\u1ea3o r\u1eb1ng d\u1ef1 \u00e1n lu\u00f4n duy tr\u00ec hi\u1ec7u qu\u1ea3 m\u00f4i tr\u01b0\u1eddng v\u00e0 \u0111\u00e1p \u1ee9ng y\u00eau c\u1ea7u ph\u00e1p l\u00fd v\u00e0 ti\u00eau chu\u1ea9n m\u1edbi.<\/p>\n<h2><strong>T\u1ea1i sao n\u00ean ch\u1ecdn \u0110\u1ee9c An Tech?<\/strong><\/h2>\n<p><strong>T\u1ea1o li\u00ean k\u1ebft gi\u1eefa c\u00e1c chuy\u00ean gia:<\/strong>\u00a0X\u00e2y d\u1ef1ng s\u1ef1 k\u1ebft n\u1ed1i v\u00e0 h\u1ee3p t\u00e1c ch\u1eb7t ch\u1ebd gi\u1eefa c\u00e1c chuy\u00ean gia v\u1ec1 m\u00f4i tr\u01b0\u1eddng, nh\u00e0 qu\u1ea3n l\u00fd d\u1ef1 \u00e1n v\u00e0 c\u00e1c b\u00ean li\u00ean quan kh\u00e1c. \u0110i\u1ec1u n\u00e0y gi\u00fap \u0111\u1ea3m b\u1ea3o c\u00f3 s\u1ef1 \u0111\u1ed3ng thu\u1eadn v\u00e0 s\u1ef1 hi\u1ec3u r\u00f5 gi\u1eefa c\u00e1c ph\u00eda trong qu\u00e1 tr\u00ecnh t\u01b0 v\u1ea5n v\u00e0 thi\u1ebft k\u1ebf.<\/p>\n<p><strong>C\u1eadp nh\u1eadt quy \u0111\u1ecbnh v\u00e0 ti\u00eau chu\u1ea9n m\u1edbi nh\u1ea5t:<\/strong>\u00a0Lu\u00f4n theo d\u00f5i v\u00e0 n\u1eafm b\u1eaft c\u00e1c quy \u0111\u1ecbnh v\u00e0 ti\u00eau chu\u1ea9n m\u1edbi nh\u1ea5t trong l\u0129nh v\u1ef1c m\u00f4i tr\u01b0\u1eddng. \u0110i\u1ec1u n\u00e0y \u0111\u1ea3m b\u1ea3o tu\u00e2n th\u1ee7 quy \u0111\u1ecbnh v\u00e0 \u00e1p d\u1ee5ng ph\u01b0\u01a1ng ph\u00e1p t\u1ed1t nh\u1ea5t \u0111\u1ec3 \u0111\u1ea3m b\u1ea3o qu\u00e1 tr\u00ecnh t\u01b0 v\u1ea5n v\u00e0 thi\u1ebft k\u1ebf \u0111\u01b0\u1ee3c th\u1ef1c hi\u1ec7n \u0111\u00fang c\u00e1ch.<\/p>\n<p><strong>S\u1eed d\u1ee5ng c\u00f4ng ngh\u1ec7 m\u1edbi v\u00e0 ph\u01b0\u01a1ng ph\u00e1p ti\u00ean ti\u1ebfn:<\/strong>\u00a0Xem x\u00e9t v\u00e0 \u00e1p d\u1ee5ng c\u00e1c c\u00f4ng ngh\u1ec7 m\u1edbi v\u00e0 ph\u01b0\u01a1ng ph\u00e1p ti\u00ean ti\u1ebfn trong quy tr\u00ecnh t\u01b0 v\u1ea5n v\u00e0 thi\u1ebft k\u1ebf. \u0110i\u1ec1u n\u00e0y gi\u00fap t\u1ed1i \u01b0u h\u00f3a t\u00ednh to\u00e0n v\u1eb9n m\u00f4i tr\u01b0\u1eddng v\u00e0 hi\u1ec7u qu\u1ea3 kinh t\u1ebf c\u1ee7a d\u1ef1 \u00e1n.<\/p>\n<p><strong>T\u01b0\u01a1ng t\u00e1c v\u00e0 giao ti\u1ebfp li\u00ean t\u1ee5c:<\/strong>\u00a0\u0110\u1ea3m b\u1ea3o s\u1ef1 t\u01b0\u01a1ng t\u00e1c v\u00e0 giao ti\u1ebfp li\u00ean t\u1ee5c gi\u1eefa c\u00e1c b\u00ean li\u00ean quan trong qu\u00e1 tr\u00ecnh t\u01b0 v\u1ea5n v\u00e0 thi\u1ebft k\u1ebf d\u1ef1 \u00e1n m\u00f4i tr\u01b0\u1eddng.<\/p>\n<p>Th\u00f4ng qua vi\u1ec7c l\u1eafng nghe v\u00e0 xem x\u00e9t m\u1ecdi \u00fd ki\u1ebfn v\u00e0 quan ng\u1ea1i, c\u00f3 th\u1ec3 \u0111\u1ea1t \u0111\u01b0\u1ee3c s\u1ef1 th\u1ed1ng nh\u1ea5t v\u00e0 \u0111\u00e1p \u1ee9ng t\u1ed1t h\u01a1n c\u00e1c y\u00eau c\u1ea7u c\u1ee7a d\u1ef1 \u00e1n.<\/p>\n<h2>Cam K\u1ebft C\u1ee7a \u0110\u1ee9c An Tech<\/h2>\n<p><strong>*\u00a0 \u00a0 \u0110\u00e1p \u1ee9ng ti\u00eau chu\u1ea9n v\u1ec7 sinh m\u00f4i tr\u01b0\u1eddng<\/strong><\/p>\n<p><strong>*\u00a0 \u00a0 Mang l\u1ea1i hi\u1ec7u qu\u1ea3 t\u00edch c\u1ef1c cho m\u00f4i tr\u01b0\u1eddng v\u00e0 con ng\u01b0\u1eddi<\/strong><\/p>\n<p><strong>*\u00a0 \u00a0 \u00a0N\u1ed5 l\u1ef1c v\u00e0 t\u1eadn t\u00e2m trong t\u1eebng h\u1ea1ng m\u1ee5c v\u00e0 d\u1ef1 \u00e1n<\/strong><\/p>\n<p><strong>*\u00a0 \u00a0 \u00a0H\u1ea1n ch\u1ebf th\u1ea5p nh\u1ea5t ph\u00e1t sinh chi ph\u00ed cho d\u1ef1 \u00e1n<\/strong><\/p>\n<p>Tr\u00ean \u0111\u00e2y l\u00e0 nh\u1eefng th\u00f4ng tin chi ti\u1ebft d\u1ecbch v\u1ee5 t\u01b0 v\u1ea5n thi\u1ebft k\u1ebf t\u1ea1i\u00a0<strong>\u0110\u1ee8C AN TECH<\/strong>.<\/p>\n<p>N\u1ebfu Qu\u00fd \u0111\u1ed1i t\u00e1c \u0111ang c\u00f3 nhu c\u1ea7u thi c\u00f4ng l\u1eafp \u0111\u1eb7t h\u1ec7 th\u1ed1ng m\u00f4i tr\u01b0\u1eddng, h\u00e3y li\u00ean h\u1ec7 v\u1edbi\u00a0<strong>\u0110\u1ee8C AN TECH\u00a0<\/strong>\u0111\u1ec3 \u0111\u01b0\u1ee3c t\u01b0 v\u1ea5n v\u00e0 h\u1ed7 tr\u1ee3 t\u1ed1t nh\u1ea5t.<\/p>\n<p><strong>\u0110\u1ee8C AN TECH\u00a0<\/strong>r\u1ea5t h\u00e2n h\u1ea1nh \u0111\u01b0\u1ee3c h\u1ee3p t\u00e1c c\u00f9ng Qu\u00fd \u0111\u1ed1i t\u00e1c.<\/p>\n<p>Tr\u00e2n tr\u1ecdng!<\/p>\n<\/div>\n<\/article>\n<\/div>\n<\/div>\n<\/div>\n<p>&nbsp;<\/p>\n<\/div>\n<\/div>\n<footer id=\"contact\" class=\"footer-one iq-bg-over iq-over-dark-90 \">\n<div class=\"container\">\n<div class=\"footer-top\">\n<div class=\"row\">\n<div class=\"col-lg-4 col-md-6 col-sm-6\">\n<div class=\"widget text-left\">\n<div class=\"textwidget\"><\/div>\n<\/div>\n<\/div>\n<\/div>\n<\/div>\n<\/div>\n<\/footer>\n","protected":false},"excerpt":{"rendered":"<p>&nbsp; T\u1ed5ng Quan V\u1ec1\u00a0 D\u1ecbch V\u1ee5 T\u01b0 V\u1ea5n Thi\u1ebft K\u1ebf\u00a0 \u0110\u1ec3 x\u00e2y d\u1ef1ng v\u00e0 duy tr\u00ec c\u00e1c d\u1ef1 \u00e1n m\u00f4i tr\u01b0\u1eddng hi\u1ec7u qu\u1ea3 v\u00e0 t\u1ed1i \u01b0u nh\u1ea5t th\u00ec vi\u1ec7c t\u01b0 v\u1ea5n v\u00e0 thi\u1ebft k\u1ebf m\u00f4i tr\u01b0\u1eddng l\u00e0 kh\u00f4ng th\u1ec3 thi\u1ebfu. Qu\u00e1 tr\u00ecnh t\u01b0 v\u1ea5n v\u00e0 thi\u1ebft k\u1ebf d\u1ef1 \u00e1n m\u00f4i tr\u01b0\u1eddng y\u00eau c\u1ea7u khi\u1ebfn th\u1ee9c [&#8230;]\n","protected":false},"author":1,"featured_media":0,"parent":0,"menu_order":0,"comment_status":"closed","ping_status":"closed","template":"","meta":{"footnotes":""},"class_list":["post-15","page","type-page","status-publish","hentry"],"_links":{"self":[{"href":"https:\/\/chinhung.vietweb247.com\/index.php\/wp-json\/wp\/v2\/pages\/15","targetHints":{"allow":["GET"]}}],"collection":[{"href":"https:\/\/chinhung.vietweb247.com\/index.php\/wp-json\/wp\/v2\/pages"}],"about":[{"href":"https:\/\/chinhung.vietweb247.com\/index.php\/wp-json\/wp\/v2\/types\/page"}],"author":[{"embeddable":true,"href":"https:\/\/chinhung.vietweb247.com\/index.php\/wp-json\/wp\/v2\/users\/1"}],"replies":[{"embeddable":true,"href":"https:\/\/chinhung.vietweb247.com\/index.php\/wp-json\/wp\/v2\/comments?post=15"}],"version-history":[{"count":4,"href":"https:\/\/chinhung.vietweb247.com\/index.php\/wp-json\/wp\/v2\/pages\/15\/revisions"}],"predecessor-version":[{"id":128,"href":"https:\/\/chinhung.vietweb247.com\/index.php\/wp-json\/wp\/v2\/pages\/15\/revisions\/128"}],"wp:attachment":[{"href":"https:\/\/chinhung.vietweb247.com\/index.php\/wp-json\/wp\/v2\/media?parent=15"}],"curies":[{"name":"wp","href":"https:\/\/api.w.org\/{rel}","templated":true}]}}