{"id":17,"date":"2026-04-09T04:47:49","date_gmt":"2026-04-09T04:47:49","guid":{"rendered":"https:\/\/chinhung.vietweb247.com\/?page_id=17"},"modified":"2026-04-09T07:57:38","modified_gmt":"2026-04-09T07:57:38","slug":"van-hanh-bao-tri","status":"publish","type":"page","link":"https:\/\/chinhung.vietweb247.com\/index.php\/van-hanh-bao-tri\/","title":{"rendered":"V\u1eadn h\u00e0nh &#038; b\u1ea3o tr\u00ec"},"content":{"rendered":"<div id=\"content\" class=\"site-content\">\n<div id=\"primary\" class=\"content-area\"><main id=\"main\" class=\"site-main\"><\/p>\n<div class=\"container\">\n<div class=\"row\">\n<div class=\"col-md-12 col-sm-12\">\n<article id=\"post-4504\" class=\"post-4504 page type-page status-publish hentry\">\n<div class=\"sf-content\">\n<h2>T\u1ed5ng quan v\u1ec1 v\u1eadn h\u00e0nh v\u00e0 b\u1ea3o tr\u00ec h\u1ec7 th\u1ed1ng<\/h2>\n<p>D\u1ef1 \u00e1n m\u00f4i tr\u01b0\u1eddng l\u00e0 nh\u1eefng c\u00f4ng tr\u00ecnh \u0111\u01b0\u1ee3c thi\u1ebft k\u1ebf v\u00e0 tri\u1ec3n khai nh\u1eb1m \u0111\u1ea3m b\u1ea3o s\u1ef1 c\u00e2n nh\u1eafc gi\u1eefa vi\u1ec7c ph\u00e1t tri\u1ec3n kinh t\u1ebf v\u00e0 b\u1ea3o v\u1ec7 m\u00f4i tr\u01b0\u1eddng.<\/p>\n<p>Vi\u1ec7c x\u00e2y d\u1ef1ng v\u00e0 v\u1eadn h\u00e0nh c\u00e1c h\u1ec7 th\u1ed1ng trong d\u1ef1 \u00e1n m\u00f4i tr\u01b0\u1eddng \u0111\u00f3ng vai tr\u00f2 then ch\u1ed1t trong vi\u1ec7c \u0111\u1ea3m b\u1ea3o hi\u1ec7u qu\u1ea3 v\u00e0 b\u1ec1n v\u1eefng c\u1ee7a d\u1ef1 \u00e1n.<\/p>\n<p>V\u1eadn h\u00e0nh v\u00e0 b\u1ea3o tr\u00ec h\u1ec7 th\u1ed1ng l\u00e0 qu\u00e1 tr\u00ecnh duy tr\u00ec ho\u1ea1t \u0111\u1ed9ng v\u00e0 s\u1eeda ch\u1eefa c\u00e1c th\u00e0nh ph\u1ea7n, thi\u1ebft b\u1ecb trong h\u1ec7 th\u1ed1ng c\u1ee7a d\u1ef1 \u00e1n m\u00f4i tr\u01b0\u1eddng. \u0110\u00e2y l\u00e0 m\u1ed9t c\u00f4ng vi\u1ec7c quan tr\u1ecdng v\u00e0 kh\u00f4ng th\u1ec3 thi\u1ebfu \u0111\u1ec3 \u0111\u1ea3m b\u1ea3o s\u1ef1 \u1ed5n \u0111\u1ecbnh v\u00e0 hi\u1ec7u su\u1ea5t c\u1ee7a h\u1ec7 th\u1ed1ng.<\/p>\n<h3>1. V\u1eadn h\u00e0nh h\u1ec7 th\u1ed1ng<\/h3>\n<p>V\u1eadn h\u00e0nh h\u1ec7 th\u1ed1ng bao g\u1ed3m qu\u00e1 tr\u00ecnh gi\u00e1m s\u00e1t, \u0111i\u1ec1u khi\u1ec3n v\u00e0 duy tr\u00ec ho\u1ea1t \u0111\u1ed9ng c\u1ee7a c\u00e1c thi\u1ebft b\u1ecb, c\u00f4ng ngh\u1ec7 v\u00e0 quy tr\u00ecnh trong d\u1ef1 \u00e1n m\u00f4i tr\u01b0\u1eddng. M\u1ee5c ti\u00eau c\u1ee7a v\u1eadn h\u00e0nh h\u1ec7 th\u1ed1ng l\u00e0 \u0111\u1ea3m b\u1ea3o hi\u1ec7u su\u1ea5t v\u00e0 tu\u00e2n th\u1ee7 c\u00e1c quy \u0111\u1ecbnh m\u00f4i tr\u01b0\u1eddng li\u00ean quan.<\/p>\n<p>V\u00ed d\u1ee5: Trong m\u1ed9t nh\u00e0 m\u00e1y x\u1eed l\u00fd n\u01b0\u1edbc th\u1ea3i, d\u1ecbch v\u1ee5 v\u1eadn h\u00e0nh v\u00e0 b\u1ea3o tr\u00ec h\u1ec7 th\u1ed1ng s\u1ebd th\u1ef1c hi\u1ec7n vi\u1ec7c gi\u00e1m s\u00e1t v\u00e0 \u0111i\u1ec1u ch\u1ec9nh c\u00e1c thi\u1ebft b\u1ecb nh\u01b0 b\u1ec3 l\u1eafng, b\u1ec3 ph\u00e2n gi\u1ea3i, h\u1ec7 th\u1ed1ng x\u1eed l\u00fd n\u01b0\u1edbc th\u1ea3i \u0111\u1ec3 \u0111\u1ea3m b\u1ea3o qu\u00e1 tr\u00ecnh x\u1eed l\u00fd di\u1ec5n ra hi\u1ec7u qu\u1ea3.<\/p>\n<h3>2. B\u1ea3o tr\u00ec h\u1ec7 th\u1ed1ng<\/h3>\n<p>B\u1ea3o tr\u00ec h\u1ec7 th\u1ed1ng bao g\u1ed3m vi\u1ec7c duy tr\u00ec v\u00e0 s\u1eeda ch\u1eefa c\u00e1c thi\u1ebft b\u1ecb, c\u00f4ng ngh\u1ec7 trong d\u1ef1 \u00e1n m\u00f4i tr\u01b0\u1eddng. Qu\u00e1 tr\u00ecnh n\u00e0y nh\u1eb1m \u0111\u1ea3m b\u1ea3o r\u1eb1ng c\u00e1c th\u00e0nh ph\u1ea7n c\u1ee7a h\u1ec7 th\u1ed1ng \u0111\u01b0\u1ee3c ho\u1ea1t \u0111\u1ed9ng \u1ed5n \u0111\u1ecbnh v\u00e0 tu\u00e2n th\u1ee7 c\u00e1c ti\u00eau chu\u1ea9n k\u1ef9 thu\u1eadt.<\/p>\n<p>V\u00ed d\u1ee5: Trong m\u1ed9t tr\u1ea1m x\u1eed l\u00fd r\u00e1c th\u1ea3i, d\u1ecbch v\u1ee5 v\u1eadn h\u00e0nh v\u00e0 b\u1ea3o tr\u00ec h\u1ec7 th\u1ed1ng s\u1ebd ki\u1ec3m tra v\u00e0 s\u1eeda ch\u1eefa c\u00e1c b\u1ed9 ph\u1eadn nh\u01b0 m\u00e1y n\u00e9n r\u00e1c, b\u0103ng chuy\u1ec1n v\u1eadn chuy\u1ec3n, h\u1ec7 th\u1ed1ng \u0111\u1ed1t ch\u00e1y \u0111\u1ec3 \u0111\u1ea3m b\u1ea3o ch\u00fang ho\u1ea1t \u0111\u1ed9ng m\u1ed9t c\u00e1ch hi\u1ec7u qu\u1ea3 v\u00e0 an<\/p>\n<h3>3. \u0110\u00e1nh gi\u00e1 v\u00e0 c\u1ea3i ti\u1ebfn<\/h3>\n<p>D\u1ecbch v\u1ee5 v\u1eadn h\u00e0nh v\u00e0 b\u1ea3o tr\u00ec h\u1ec7 th\u1ed1ng c\u0169ng c\u00f3 vai tr\u00f2 trong vi\u1ec7c \u0111\u00e1nh gi\u00e1 v\u00e0 c\u1ea3i ti\u1ebfn hi\u1ec7u su\u1ea5t c\u1ee7a d\u1ef1 \u00e1n m\u00f4i tr\u01b0\u1eddng. B\u1eb1ng c\u00e1ch theo d\u00f5i v\u00e0 ph\u00e2n t\u00edch d\u1eef li\u1ec7u, c\u00e1c chuy\u00ean gia c\u00f3 th\u1ec3 \u0111\u01b0a ra nh\u1eefng \u0111\u1ec1 xu\u1ea5t v\u00e0 bi\u1ec7n ph\u00e1p c\u1ea3i thi\u1ec7n \u0111\u1ec3 t\u1ed1i \u01b0u h\u00f3a ho\u1ea1t \u0111\u1ed9ng c\u1ee7a h\u1ec7 th\u1ed1ng.<\/p>\n<p>V\u00ed d\u1ee5: Trong m\u1ed9t tr\u1ea1m x\u1eed l\u00fd n\u01b0\u1edbc th\u1ea3i, d\u1ecbch v\u1ee5 v\u1eadn h\u00e0nh v\u00e0 b\u1ea3o tr\u00ec h\u1ec7 th\u1ed1ng c\u00f3 th\u1ec3 ph\u00e2n t\u00edch d\u1eef li\u1ec7u v\u1ec1 ch\u1ea5t l\u01b0\u1ee3ng n\u01b0\u1edbc th\u1ea3i \u0111\u1ea7u v\u00e0o v\u00e0 \u0111\u1ea7u ra, t\u1eeb \u0111\u00f3 \u0111\u1ec1 xu\u1ea5t c\u00e1c gi\u1ea3i ph\u00e1p \u0111\u1ec3 c\u1ea3i thi\u1ec7n qu\u00e1 tr\u00ecnh x\u1eed l\u00fd v\u00e0 gi\u1ea3m t\u00e1c \u0111\u1ed9ng m\u00f4i tr\u01b0\u1eddng.<\/p>\n<h2>L\u1ee3i \u00edch c\u1ee7a d\u1ecbch v\u1ee5 v\u1eadn h\u00e0nh v\u00e0 b\u1ea3o tr\u00ec h\u1ec7 th\u1ed1ng<\/h2>\n<p><strong>*\u00a0 \u0110\u1ea3m b\u1ea3o ho\u1ea1t \u0111\u1ed9ng \u1ed5n \u0111\u1ecbnh c\u1ee7a h\u1ec7 th\u1ed1ng:<\/strong>\u00a0D\u1ecbch v\u1ee5 v\u1eadn h\u00e0nh v\u00e0 b\u1ea3o tr\u00ec h\u1ec7 th\u1ed1ng gi\u00fap \u0111\u1ea3m b\u1ea3o r\u1eb1ng c\u00e1c thi\u1ebft b\u1ecb v\u00e0 quy tr\u00ecnh trong d\u1ef1 \u00e1n m\u00f4i tr\u01b0\u1eddng ho\u1ea1t \u0111\u1ed9ng \u1ed5n \u0111\u1ecbnh, t\u1eeb \u0111\u00f3 \u0111\u1ea3m b\u1ea3o hi\u1ec7u su\u1ea5t v\u00e0 tu\u00e2n th\u1ee7 c\u00e1c quy \u0111\u1ecbnh m\u00f4i tr\u01b0\u1eddng.<\/p>\n<p><strong>*\u00a0 T\u1ed1i \u01b0u h\u00f3a hi\u1ec7u su\u1ea5t ho\u1ea1t \u0111\u1ed9ng:<\/strong>\u00a0Nh\u1edd v\u00e0o vi\u1ec7c theo d\u00f5i v\u00e0 ph\u00e2n t\u00edch d\u1eef li\u1ec7u, d\u1ecbch v\u1ee5 v\u1eadn h\u00e0nh v\u00e0 b\u1ea3o tr\u00ec h\u1ec7 th\u1ed1ng c\u00f3 th\u1ec3 \u0111\u1ec1 xu\u1ea5t c\u00e1c bi\u1ec7n ph\u00e1p c\u1ea3i ti\u1ebfn \u0111\u1ec3 t\u0103ng hi\u1ec7u su\u1ea5t v\u00e0 gi\u1ea3m t\u00e1c \u0111\u1ed9ng m\u00f4i tr\u01b0\u1eddng.<\/p>\n<p><strong>*\u00a0 \u0110\u1ea3m b\u1ea3o an to\u00e0n v\u00e0 tu\u00e2n th\u1ee7 quy chu\u1ea9n k\u1ef9 thu\u1eadt:<\/strong>\u00a0D\u1ecbch v\u1ee5 v\u1eadn h\u00e0nh v\u00e0 b\u1ea3o tr\u00ec h\u1ec7 th\u1ed1ng \u0111\u1ea3m b\u1ea3o r\u1eb1ng c\u00e1c thi\u1ebft b\u1ecb v\u00e0 c\u00f4ng ngh\u1ec7 trong d\u1ef1 \u00e1n m\u00f4i tr\u01b0\u1eddng tu\u00e2n th\u1ee7 c\u00e1c ti\u00eau chu\u1ea9n k\u1ef9 thu\u1eadt v\u00e0 \u0111\u1ea3m b\u1ea3o an to\u00e0n cho m\u00f4i tr\u01b0\u1eddng v\u00e0 con ng\u01b0\u1eddi.<\/p>\n<h2>C\u00e1c b\u01b0\u1edbc th\u1ef1c hi\u1ec7n v\u1eadn h\u00e0nh v\u00e0 b\u1ea3o tr\u00ec h\u1ec7 th\u1ed1ng<\/h2>\n<p>D\u1ecbch v\u1ee5 v\u1eadn h\u00e0nh v\u00e0 b\u1ea3o tr\u00ec h\u1ec7 th\u1ed1ng cho d\u1ef1 \u00e1n m\u00f4i tr\u01b0\u1eddng t\u1ea1i \u0110\u1ee8C AN TECH th\u1ef1c hi\u1ec7n l\u1ea7n l\u01b0\u1ee3t theo c\u00e1c b\u01b0\u1edbc sau:<\/p>\n<p><strong>*\u00a0 \u0110\u00e1nh gi\u00e1 h\u1ec7 th\u1ed1ng hi\u1ec7n t\u1ea1i:<\/strong>\u00a0Xem x\u00e9t v\u00e0 \u0111\u00e1nh gi\u00e1 t\u00ecnh tr\u1ea1ng ho\u1ea1t \u0111\u1ed9ng c\u1ee7a h\u1ec7 th\u1ed1ng m\u00f4i tr\u01b0\u1eddng hi\u1ec7n t\u1ea1i. X\u00e1c \u0111\u1ecbnh c\u00e1c \u0111i\u1ec3m y\u1ebfu, v\u1ea5n \u0111\u1ec1 c\u1ea7n kh\u1eafc ph\u1ee5c v\u00e0 c\u1ea3i thi\u1ec7n.<\/p>\n<p><strong>*\u00a0 X\u00e2y d\u1ef1ng k\u1ebf ho\u1ea1ch v\u1eadn h\u00e0nh v\u00e0 b\u1ea3o tr\u00ec:<\/strong>\u00a0D\u1ef1a tr\u00ean \u0111\u00e1nh gi\u00e1 h\u1ec7 th\u1ed1ng, l\u1eadp ra k\u1ebf ho\u1ea1ch chi ti\u1ebft v\u1ec1 vi\u1ec7c v\u1eadn h\u00e0nh v\u00e0 b\u1ea3o tr\u00ec h\u1ec7 th\u1ed1ng. X\u00e1c \u0111\u1ecbnh c\u00e1c nhi\u1ec7m v\u1ee5 c\u1ee5 th\u1ec3, t\u00e0i nguy\u00ean c\u1ea7n c\u00f3, v\u00e0 l\u1ed9 tr\u00ecnh th\u1ef1c hi\u1ec7n.<\/p>\n<p><strong>*\u00a0 Tri\u1ec3n khai v\u1eadn h\u00e0nh v\u00e0 b\u1ea3o tr\u00ec:<\/strong>\u00a0Th\u1ef1c hi\u1ec7n c\u00e1c c\u00f4ng vi\u1ec7c theo k\u1ebf ho\u1ea1ch \u0111\u00e3 x\u00e2y d\u1ef1ng. Bao g\u1ed3m ki\u1ec3m tra, b\u1ea3o d\u01b0\u1ee1ng, s\u1eeda ch\u1eefa, v\u00e0 c\u00e1c ho\u1ea1t \u0111\u1ed9ng kh\u00e1c nh\u1eb1m duy tr\u00ec ho\u1ea1t \u0111\u1ed9ng \u1ed5n \u0111\u1ecbnh v\u00e0 hi\u1ec7u su\u1ea5t c\u1ee7a h\u1ec7 th\u1ed1ng.<\/p>\n<p><strong>*\u00a0 Theo d\u00f5i v\u00e0 \u0111\u00e1nh gi\u00e1:<\/strong>\u00a0Theo d\u00f5i ho\u1ea1t \u0111\u1ed9ng c\u1ee7a h\u1ec7 th\u1ed1ng, thu th\u1eadp d\u1eef li\u1ec7u v\u1ec1 hi\u1ec7u su\u1ea5t v\u00e0 t\u00ecnh tr\u1ea1ng ho\u1ea1t \u0111\u1ed9ng. \u0110\u00e1nh gi\u00e1 k\u1ebft qu\u1ea3 v\u00e0 so s\u00e1nh v\u1edbi ti\u00eau chu\u1ea9n \u0111\u00e3 \u0111\u1eb7t ra. X\u00e1c \u0111\u1ecbnh c\u00e1c \u0111i\u1ec3m m\u1ea1nh v\u00e0 y\u1ebfu, t\u1eeb \u0111\u00f3 \u0111\u01b0a ra bi\u1ec7n ph\u00e1p c\u1ea3i thi\u1ec7n.<\/p>\n<p><strong>*\u00a0 C\u1ea3i ti\u1ebfn v\u00e0 t\u1ed1i \u01b0u h\u00f3a:<\/strong>\u00a0D\u1ef1a tr\u00ean k\u1ebft qu\u1ea3 \u0111\u00e1nh gi\u00e1, th\u1ef1c hi\u1ec7n c\u00e1c bi\u1ec7n ph\u00e1p c\u1ea3i ti\u1ebfn \u0111\u1ec3 n\u00e2ng cao hi\u1ec7u su\u1ea5t v\u00e0 gi\u1ea3m t\u00e1c \u0111\u1ed9ng m\u00f4i tr\u01b0\u1eddng. T\u00ecm ki\u1ebfm c\u00e1c c\u01a1 h\u1ed9i t\u1ed1i \u01b0u h\u00f3a h\u1ec7 th\u1ed1ng v\u00e0 qu\u00e1 tr\u00ecnh v\u1eadn h\u00e0nh.<\/p>\n<h3>K\u1ebft Lu\u1eadn<\/h3>\n<p>Tr\u00ean \u0111\u00e2y l\u00e0 nh\u1eefng th\u00f4ng tin chi ti\u1ebft v\u1ec1 d\u1ecbch v\u1ee5 v\u1eadn h\u00e0nh v\u00e0 b\u1ea3o tr\u00ec h\u1ec7 th\u1ed1ng m\u00f4i tr\u01b0\u1eddng c\u1ee7a\u00a0<strong>\u0110\u1ee8C AN TECH<\/strong>.<\/p>\n<p>Quy tr\u00ecnh th\u1ef1c hi\u1ec7n d\u1ef1 \u00e1n \u0111\u01b0\u1ee3c th\u1ef1c hi\u1ec7n theo c\u00e1c b\u01b0\u1edbc r\u00f5 r\u00e0ng v\u00e0 ch\u00fang t\u00f4i cam k\u1ebft mang l\u1ea1i s\u1ef1 h\u00e0i l\u00f2ng cho Qu\u00fd kh\u00e1ch h\u00e0ng.<\/p>\n<p>Qu\u00fd \u0111\u1ed1i t\u00e1c \u0111ang c\u00f3 nhu c\u1ea7u thi c\u00f4ng l\u1eafp \u0111\u1eb7t h\u1ec7 th\u1ed1ng m\u00f4i tr\u01b0\u1eddng, h\u00e3y li\u00ean h\u1ec7 v\u1edbi\u00a0<strong>\u0110\u1ee8C AN TECH\u00a0<\/strong>\u0111\u1ec3 \u0111\u01b0\u1ee3c t\u01b0 v\u1ea5n v\u00e0 h\u1ed7 tr\u1ee3 t\u1ed1t nh\u1ea5t.<\/p>\n<p><strong>\u0110\u1ee8C AN TECH\u00a0<\/strong>r\u1ea5t h\u00e2n h\u1ea1nh \u0111\u01b0\u1ee3c h\u1ee3p t\u00e1c c\u00f9ng Qu\u00fd \u0111\u1ed1i t\u00e1c.<\/p>\n<p>Tr\u00e2n tr\u1ecdng!<\/p>\n<\/div>\n<\/article>\n<\/div>\n<\/div>\n<\/div>\n<p><\/main><\/div>\n<\/div>\n<footer id=\"contact\" class=\"footer-one iq-bg-over iq-over-dark-90 \">\n<div class=\"container\">\n<div class=\"footer-top\">\n<div class=\"row\">\n<div class=\"col-lg-4 col-md-6 col-sm-6\">\n<div class=\"widget text-left\">\n<div class=\"textwidget\"><\/div>\n<\/div>\n<\/div>\n<\/div>\n<\/div>\n<\/div>\n<\/footer>\n","protected":false},"excerpt":{"rendered":"<p>T\u1ed5ng quan v\u1ec1 v\u1eadn h\u00e0nh v\u00e0 b\u1ea3o tr\u00ec h\u1ec7 th\u1ed1ng D\u1ef1 \u00e1n m\u00f4i tr\u01b0\u1eddng l\u00e0 nh\u1eefng c\u00f4ng tr\u00ecnh \u0111\u01b0\u1ee3c thi\u1ebft k\u1ebf v\u00e0 tri\u1ec3n khai nh\u1eb1m \u0111\u1ea3m b\u1ea3o s\u1ef1 c\u00e2n nh\u1eafc gi\u1eefa vi\u1ec7c ph\u00e1t tri\u1ec3n kinh t\u1ebf v\u00e0 b\u1ea3o v\u1ec7 m\u00f4i tr\u01b0\u1eddng. Vi\u1ec7c x\u00e2y d\u1ef1ng v\u00e0 v\u1eadn h\u00e0nh c\u00e1c h\u1ec7 th\u1ed1ng trong d\u1ef1 \u00e1n m\u00f4i tr\u01b0\u1eddng [&#8230;]\n","protected":false},"author":1,"featured_media":0,"parent":0,"menu_order":0,"comment_status":"closed","ping_status":"closed","template":"","meta":{"footnotes":""},"class_list":["post-17","page","type-page","status-publish","hentry"],"_links":{"self":[{"href":"https:\/\/chinhung.vietweb247.com\/index.php\/wp-json\/wp\/v2\/pages\/17","targetHints":{"allow":["GET"]}}],"collection":[{"href":"https:\/\/chinhung.vietweb247.com\/index.php\/wp-json\/wp\/v2\/pages"}],"about":[{"href":"https:\/\/chinhung.vietweb247.com\/index.php\/wp-json\/wp\/v2\/types\/page"}],"author":[{"embeddable":true,"href":"https:\/\/chinhung.vietweb247.com\/index.php\/wp-json\/wp\/v2\/users\/1"}],"replies":[{"embeddable":true,"href":"https:\/\/chinhung.vietweb247.com\/index.php\/wp-json\/wp\/v2\/comments?post=17"}],"version-history":[{"count":2,"href":"https:\/\/chinhung.vietweb247.com\/index.php\/wp-json\/wp\/v2\/pages\/17\/revisions"}],"predecessor-version":[{"id":126,"href":"https:\/\/chinhung.vietweb247.com\/index.php\/wp-json\/wp\/v2\/pages\/17\/revisions\/126"}],"wp:attachment":[{"href":"https:\/\/chinhung.vietweb247.com\/index.php\/wp-json\/wp\/v2\/media?parent=17"}],"curies":[{"name":"wp","href":"https:\/\/api.w.org\/{rel}","templated":true}]}}