{"id":21,"date":"2026-04-09T04:48:17","date_gmt":"2026-04-09T04:48:17","guid":{"rendered":"https:\/\/chinhung.vietweb247.com\/?page_id=21"},"modified":"2026-04-13T10:05:24","modified_gmt":"2026-04-13T10:05:24","slug":"lien-he","status":"publish","type":"page","link":"https:\/\/chinhung.vietweb247.com\/index.php\/lien-he\/","title":{"rendered":"Li\u00ean h\u1ec7"},"content":{"rendered":"\t<section class=\"section\" id=\"section_1361627917\">\n\t\t<div class=\"bg section-bg fill bg-fill  bg-loaded\" >\n\n\t\t\t\n\t\t\t\n\t\t\t\n\n\t\t<\/div>\n\n\t\t\n\n\t\t<div class=\"section-content relative\">\n\t\t\t\n<div class=\"row\"  id=\"row-762576865\">\n\n\t<div id=\"col-1475118427\" class=\"col medium-6 small-12 large-6\"  >\n\t\t\t\t<div class=\"col-inner\"  >\n\t\t\t\n\t\t\t\n\t<div id=\"text-2178609659\" class=\"text\">\n\t\t\n<h2>Let&#8217;s discuss<br \/>\n<\/h2>\n\t\t\n<style>\n#text-2178609659 {\n  font-size: 1.4rem;\n  text-align: center;\n}\n<\/style>\n\t<\/div>\n\t\n\n<div class=\"wpcf7 no-js\" id=\"wpcf7-f6-o1\" lang=\"en-US\" dir=\"ltr\" data-wpcf7-id=\"6\">\n<div class=\"screen-reader-response\"><p role=\"status\" aria-live=\"polite\" aria-atomic=\"true\"><\/p> <ul><\/ul><\/div>\n<form action=\"\/index.php\/wp-json\/wp\/v2\/pages\/21#wpcf7-f6-o1\" method=\"post\" class=\"wpcf7-form init\" aria-label=\"Contact form\" novalidate=\"novalidate\" data-status=\"init\">\n<fieldset class=\"hidden-fields-container\"><input type=\"hidden\" name=\"_wpcf7\" value=\"6\" \/><input type=\"hidden\" name=\"_wpcf7_version\" value=\"6.1.5\" \/><input type=\"hidden\" name=\"_wpcf7_locale\" value=\"en_US\" \/><input type=\"hidden\" name=\"_wpcf7_unit_tag\" value=\"wpcf7-f6-o1\" \/><input type=\"hidden\" name=\"_wpcf7_container_post\" value=\"0\" \/><input type=\"hidden\" name=\"_wpcf7_posted_data_hash\" value=\"\" \/>\n<\/fieldset>\n<p><span class=\"wpcf7-form-control-wrap\" data-name=\"text-107\"><input size=\"40\" maxlength=\"400\" class=\"wpcf7-form-control wpcf7-text input-form\" aria-invalid=\"false\" placeholder=\"H\u1ecd v\u00e0 t\u00ean\" value=\"\" type=\"text\" name=\"text-107\" \/><\/span><br \/>\n<span class=\"wpcf7-form-control-wrap\" data-name=\"email-340\"><input size=\"40\" maxlength=\"400\" class=\"wpcf7-form-control wpcf7-email wpcf7-text wpcf7-validates-as-email input-form\" aria-invalid=\"false\" placeholder=\"\u0110\u1ecba ch\u1ec9 email\" value=\"\" type=\"email\" name=\"email-340\" \/><\/span><br \/>\n<span class=\"wpcf7-form-control-wrap\" data-name=\"text-425\"><input size=\"40\" maxlength=\"400\" class=\"wpcf7-form-control wpcf7-text input-form\" aria-invalid=\"false\" placeholder=\"Subject\" value=\"\" type=\"text\" name=\"text-425\" \/><\/span><br \/>\n<span class=\"wpcf7-form-control-wrap\" data-name=\"textarea-428\"><textarea cols=\"40\" rows=\"10\" maxlength=\"2000\" class=\"wpcf7-form-control wpcf7-textarea input-form\" aria-invalid=\"false\" placeholder=\"N\u1ed9i dung\" name=\"textarea-428\"><\/textarea><\/span>\n<\/p>\n<p><input class=\"wpcf7-form-control wpcf7-submit has-spinner btn-form\" type=\"submit\" value=\"Send Message\" \/>\n<\/p><div class=\"wpcf7-response-output\" aria-hidden=\"true\"><\/div>\n<\/form>\n<\/div>\n\n\t\t<\/div>\n\t\t\t\t\t<\/div>\n\n\t\n\n\t<div id=\"col-1629168901\" class=\"col medium-6 small-12 large-6\"  >\n\t\t\t\t<div class=\"col-inner\"  >\n\t\t\t\n\t\t\t\n\t<div id=\"text-3234701257\" class=\"text\">\n\t\t\n<p class=\"uppercase\" style=\"margin-bottom: 7px;\"><strong>Li\u00ean h\u1ec7<\/strong><\/p>\n\t\t\n<style>\n#text-3234701257 {\n  text-align: left;\n  color: #19beec;\n}\n#text-3234701257 > * {\n  color: #19beec;\n}\n<\/style>\n\t<\/div>\n\t\n\t<div id=\"text-4244541876\" class=\"text\">\n\t\t\n<h2>C\u00d4NG TY TNHH CLEAR LIGHT<br \/>\n<\/h2>\n\t\t\n<style>\n#text-4244541876 {\n  font-size: 1.2rem;\n  color: #132c4b;\n}\n#text-4244541876 > * {\n  color: #132c4b;\n}\n<\/style>\n\t<\/div>\n\t\n<p>Tr\u1edf th\u00e0nh doanh nghi\u1ec7p h\u00e0ng \u0111\u1ea7u Vi\u1ec7t Nam trong l\u0129nh v\u1ef1c s\u1ea3n xu\u1ea5t v\u00e0 thi c\u00f4ng h\u1ec7 th\u1ed1ng \u1ed1ng gi\u00f3 \u2014 ti\u00ean phong v\u1ec1 ch\u1ea5t l\u01b0\u1ee3ng, an to\u00e0n ch\u00e1y n\u1ed5 v\u00e0 gi\u1ea3i ph\u00e1p th\u00f4ng gi\u00f3 b\u1ec1n v\u1eefng.<\/p>\n\t<div id=\"text-1698223382\" class=\"text\">\n\t\t\n<div class=\"footer-contact\">\n<p><i class=\"fas fa-building\"><\/i><br \/><span style=\"color: #000000;\">T\u00ean: C\u00d4NG TY TNHH CLEAR LIGHT<\/span><\/p>\n<p><i class=\"fas fa-map-marker-alt\"><\/i><br \/><span style=\"color: #000000;\">\u0110\u1ecba ch\u1ec9: \u0110\u1ed9i 2, Th\u00f4n Th\u00f4ng \u0110\u1ea1t, X\u00e3 Ki\u1ec1u Ph\u00fa, TP H\u00e0 N\u1ed9i.<\/span><\/p>\n<p><i class=\"fas fa-phone-alt\"><\/i><br \/><span style=\"color: #000000;\">\u0110i\u1ec7n tho\u1ea1i: <a style=\"color: #000000;\" href=\"tel:0988455483\">0988455483<\/a><\/span><\/p>\n<p><i class=\"fas fa-file-invoice\"><\/i><br \/><span style=\"color: #000000;\">M\u00e3 s\u1ed1 thu\u1ebf: 0111058848<\/span><\/p>\n<p><i class=\"fas fa-user-tie\"><\/i><br \/><span style=\"color: #000000;\">\u0110\u1ea1i di\u1ec7n: \u00d4ng L\u01afU T\u00d4N CHINH &#8211; Ch\u1ee9c v\u1ee5: Gi\u00e1m \u0111\u1ed1c<\/span><\/p>\n<p><i class=\"fas fa-envelope\"><\/i><br \/><span style=\"color: #000000;\">Mail: <a style=\"color: #000000;\" href=\"mailto:Ketoanclearlight@gmail.com\">Ketoanclearlight@gmail.com<\/a><\/span><\/p>\n<p><i class=\"fas fa-university\"><\/i><br \/><span style=\"color: #000000;\">T\u00e0i kho\u1ea3n: 009509999 t\u1ea1i Ng\u00e2n h\u00e0ng MB<\/span><\/p>\n<p><i class=\"fas fa-cogs\"><\/i><br \/><span style=\"color: #000000;\">Chuy\u00ean s\u1ea3n xu\u1ea5t, gia c\u00f4ng, l\u1eafp \u0111\u1eb7t h\u1ec7 th\u1ed1ng \u1ed1ng gi\u00f3<\/span><\/p>\n<\/div>\n\t\t\n<style>\n#text-1698223382 {\n  color: rgb(0,0,0);\n}\n#text-1698223382 > * {\n  color: rgb(0,0,0);\n}\n<\/style>\n\t<\/div>\n\t\n\t\t<\/div>\n\t\t\t\t\t<\/div>\n\n\t\n<\/div>\n\t\t<\/div>\n\n\t\t\n<style>\n#section_1361627917 {\n  padding-top: 30px;\n  padding-bottom: 30px;\n}\n<\/style>\n\t<\/section>\n\t\n\t<section class=\"section\" id=\"section_365040592\">\n\t\t<div class=\"bg section-bg fill bg-fill  bg-loaded\" >\n\n\t\t\t\n\t\t\t\n\t\t\t\n\n\t\t<\/div>\n\n\t\t\n\n\t\t<div class=\"section-content relative\">\n\t\t\t\n\n<p><iframe src=\"https:\/\/www.google.com\/maps\/embed?pb=!1m18!1m12!1m3!1d119193.17056362252!2d105.75590091363587!3d21.001190466564474!2m3!1f0!2f0!3f0!3m2!1i1024!2i768!4f13.1!3m3!1m2!1s0x31345b0026a9a5c3%3A0xc396e5949112cd4c!2zQ8O0bmcgYW4geMOjIEtp4buBdSBQaMO6!5e0!3m2!1svi!2s!4v1776074713842!5m2!1svi!2s\" width=\"100%\" height=\"450\" style=\"border:0;\" allowfullscreen=\"\" loading=\"lazy\" referrerpolicy=\"no-referrer-when-downgrade\"><\/iframe><br \/>\n\n\t\t<\/div>\n\n\t\t\n<style>\n#section_365040592 {\n  padding-top: 0px;\n  padding-bottom: 0px;\n}\n<\/style>\n\t<\/section>\n\t\n","protected":false},"excerpt":{"rendered":"","protected":false},"author":1,"featured_media":0,"parent":0,"menu_order":0,"comment_status":"closed","ping_status":"closed","template":"page-blank.php","meta":{"footnotes":""},"class_list":["post-21","page","type-page","status-publish","hentry"],"_links":{"self":[{"href":"https:\/\/chinhung.vietweb247.com\/index.php\/wp-json\/wp\/v2\/pages\/21","targetHints":{"allow":["GET"]}}],"collection":[{"href":"https:\/\/chinhung.vietweb247.com\/index.php\/wp-json\/wp\/v2\/pages"}],"about":[{"href":"https:\/\/chinhung.vietweb247.com\/index.php\/wp-json\/wp\/v2\/types\/page"}],"author":[{"embeddable":true,"href":"https:\/\/chinhung.vietweb247.com\/index.php\/wp-json\/wp\/v2\/users\/1"}],"replies":[{"embeddable":true,"href":"https:\/\/chinhung.vietweb247.com\/index.php\/wp-json\/wp\/v2\/comments?post=21"}],"version-history":[{"count":14,"href":"https:\/\/chinhung.vietweb247.com\/index.php\/wp-json\/wp\/v2\/pages\/21\/revisions"}],"predecessor-version":[{"id":160,"href":"https:\/\/chinhung.vietweb247.com\/index.php\/wp-json\/wp\/v2\/pages\/21\/revisions\/160"}],"wp:attachment":[{"href":"https:\/\/chinhung.vietweb247.com\/index.php\/wp-json\/wp\/v2\/media?parent=21"}],"curies":[{"name":"wp","href":"https:\/\/api.w.org\/{rel}","templated":true}]}}