{"id":208,"date":"2026-04-18T04:56:56","date_gmt":"2026-04-18T04:56:56","guid":{"rendered":"https:\/\/chinhung.vietweb247.com\/?post_type=product&#038;p=208"},"modified":"2026-04-18T04:58:42","modified_gmt":"2026-04-18T04:58:42","slug":"ong-gio-vuong-bich-v","status":"publish","type":"product","link":"https:\/\/chinhung.vietweb247.com\/index.php\/product\/ong-gio-vuong-bich-v\/","title":{"rendered":"\u1ed0NG GI\u00d3 VU\u00d4NG B\u00cdCH V"},"content":{"rendered":"<div class=\"detail-content-read\">\n<div class=\"container\">\n<div class=\"content-tab-detail\">\n<div class=\"tab-content\">\n<div id=\"tab-detail1\" class=\"tab-pane fade in active show\">\n<div class=\"content nd\">\n<p><strong>C\u00e1c d\u1ea1ng m\u1ed1i gh\u00e9p<\/strong><\/p>\n<p>M\u1ed1i gh\u00e9p Th\u00e9p V (Chi\u1ec1u d\u00e0i \u1ed1ng ti\u00eau chu\u1ea9n 1180mm)<\/p>\n<p><strong>K\u00edch th\u01b0\u1edbc \u1ed1ng<\/strong><\/p>\n<p>K\u00edch th\u01b0\u1edbc th\u01b0\u1edbc ti\u00eau chu\u1ea9n \u1ed1ng\u00a0gi\u00f3 c\u00f3 b\u01b0\u1edbc 50mm, k\u00edch th\u01b0\u1edbc\u00a0 c\u00f3 th\u1ec3 thay \u0111\u1ed5i t\u00f9y theo nhu c\u1ea7u kh\u00e1ch h\u00e0ng. K\u00edch th\u01b0\u1edbc \u1edf \u0111\u00e2y \u0111\u01b0\u1ee3c hi\u1ec3u l\u00e0 k\u00edch th\u01b0\u1edbc m\u1eb7t c\u1eaft\u00a0ngang c\u1ee7a \u1ed1ng.<\/p>\n<\/div>\n<\/div>\n<\/div>\n<\/div>\n<\/div>\n<\/div>\n","protected":false},"excerpt":{"rendered":"<div class=\"detail-sum\">\n<div class=\"detail-sum\"><span class=\"content-sum\">\u2022 \u0110\u01b0\u1ee3c s\u1ea3n xu\u1ea5t theo ti\u00eau chu\u1ea9n JIS G3302 v\u1edbi d\u00e2y chuy\u1ec1n s\u1ea3n xu\u1ea5t c\u00f4ng ngh\u1ec7 hi\u1ec7n \u0111\u1ea1i n\u00ean s\u1ea3n ph\u1ea9m xu\u1ea5t x\u01b0\u1edfng<\/span><span class=\"content-sum\">lu\u00f4n \u0111\u1ea1t \u0111\u01b0\u1ee3c \u0111\u1ed9 ch\u00ednh x\u00e1c v\u00e0 th\u1ea9m m\u1ef9 cao<\/span><\/div>\n<div class=\"detail-sum\"><span class=\"content-sum\">.<\/span><span class=\"content-sum\">\u2022 V\u1eadt li\u1ec7u s\u1ea3n xu\u1ea5t l\u00e0 lo\u1ea1i t\u00f4n tr\u00e1ng k\u1ebdm chi\u1ec1u d\u00e0y ph\u1ed5 bi\u1ebfn 0.48 &#8211; 0.58 &#8211; 0.75 &#8211; 0.95 &#8211; 1.15. V\u1edbi \u0111\u1ed9 m\u1ea1 c\u01a1 b\u1ea3n t\u1eeb Z8<\/span><span class=\"content-sum\">\u0111\u1ebfn Z20.<\/span><\/div>\n<div class=\"detail-sum\"><span class=\"content-sum\">\u2022 Ngo\u00e0i v\u1eadt li\u1ec7u th\u00f4ng d\u1ee5ng l\u00e0 t\u00f4n m\u1ea1 k\u1ebdm, \u1ed1ng gi\u00f3 th\u1eb3ng c\u00f2n \u0111\u01b0\u1ee3c s\u1ea3n xu\u1ea5t b\u1eb1ng c\u00e1c v\u1eadt li\u1ec7u inox 304.<\/span><\/div>\n<div class=\"detail-support\"><\/div>\n<\/div>\n","protected":false},"featured_media":206,"comment_status":"open","ping_status":"closed","template":"","meta":[],"product_brand":[],"product_cat":[23,24,22],"product_tag":[],"class_list":{"0":"post-208","1":"product","2":"type-product","3":"status-publish","4":"has-post-thumbnail","6":"product_cat-cua-gio","7":"product_cat-ong-gio-phu-kien","8":"product_cat-van-gio","10":"first","11":"instock","12":"shipping-taxable","13":"product-type-simple"},"_links":{"self":[{"href":"https:\/\/chinhung.vietweb247.com\/index.php\/wp-json\/wp\/v2\/product\/208","targetHints":{"allow":["GET"]}}],"collection":[{"href":"https:\/\/chinhung.vietweb247.com\/index.php\/wp-json\/wp\/v2\/product"}],"about":[{"href":"https:\/\/chinhung.vietweb247.com\/index.php\/wp-json\/wp\/v2\/types\/product"}],"replies":[{"embeddable":true,"href":"https:\/\/chinhung.vietweb247.com\/index.php\/wp-json\/wp\/v2\/comments?post=208"}],"wp:featuredmedia":[{"embeddable":true,"href":"https:\/\/chinhung.vietweb247.com\/index.php\/wp-json\/wp\/v2\/media\/206"}],"wp:attachment":[{"href":"https:\/\/chinhung.vietweb247.com\/index.php\/wp-json\/wp\/v2\/media?parent=208"}],"wp:term":[{"taxonomy":"product_brand","embeddable":true,"href":"https:\/\/chinhung.vietweb247.com\/index.php\/wp-json\/wp\/v2\/product_brand?post=208"},{"taxonomy":"product_cat","embeddable":true,"href":"https:\/\/chinhung.vietweb247.com\/index.php\/wp-json\/wp\/v2\/product_cat?post=208"},{"taxonomy":"product_tag","embeddable":true,"href":"https:\/\/chinhung.vietweb247.com\/index.php\/wp-json\/wp\/v2\/product_tag?post=208"}],"curies":[{"name":"wp","href":"https:\/\/api.w.org\/{rel}","templated":true}]}}